{"id":2263,"date":"2020-09-25T15:07:18","date_gmt":"2020-09-25T12:07:18","guid":{"rendered":"https:\/\/tdatrade.com.tr\/?page_id=2263"},"modified":"2020-09-29T15:15:55","modified_gmt":"2020-09-29T12:15:55","slug":"privacy-policy","status":"publish","type":"page","link":"https:\/\/tdatrade.com.tr\/tr\/privacy-policy\/","title":{"rendered":"Privacy Policy"},"content":{"rendered":"<div data-elementor-type=\"wp-page\" data-elementor-id=\"2263\" class=\"elementor elementor-2263\">\n\t\t\t\t\t\t<section class=\"elementor-section elementor-top-section elementor-element elementor-element-c50838b elementor-section-boxed elementor-section-height-default elementor-section-height-default\" data-id=\"c50838b\" data-element_type=\"section\" data-e-type=\"section\" data-settings=\"{&quot;background_background&quot;:&quot;classic&quot;}\">\n\t\t\t\t\t\t\t<div class=\"elementor-background-overlay\"><\/div>\n\t\t\t\t\t\t\t<div class=\"elementor-container elementor-column-gap-default\">\n\t\t\t\t\t<div class=\"elementor-column elementor-col-33 elementor-top-column elementor-element elementor-element-2f84d6d\" data-id=\"2f84d6d\" data-element_type=\"column\" data-e-type=\"column\">\n\t\t\t<div class=\"elementor-widget-wrap\">\n\t\t\t\t\t\t\t<\/div>\n\t\t<\/div>\n\t\t\t\t<div class=\"elementor-column elementor-col-33 elementor-top-column elementor-element elementor-element-55b0429\" data-id=\"55b0429\" data-element_type=\"column\" data-e-type=\"column\">\n\t\t\t<div class=\"elementor-widget-wrap elementor-element-populated\">\n\t\t\t\t\t\t<div class=\"elementor-element elementor-element-92570e2 elementor-widget-divider--view-line elementor-invisible elementor-widget elementor-widget-divider\" data-id=\"92570e2\" data-element_type=\"widget\" data-e-type=\"widget\" data-settings=\"{&quot;_animation&quot;:&quot;fadeIn&quot;,&quot;_animation_delay&quot;:100}\" data-widget_type=\"divider.default\">\n\t\t\t\t<div class=\"elementor-widget-container\">\n\t\t\t\t\t\t\t<div class=\"elementor-divider\">\n\t\t\t<span class=\"elementor-divider-separator\">\n\t\t\t\t\t\t<\/span>\n\t\t<\/div>\n\t\t\t\t\t\t<\/div>\n\t\t\t\t<\/div>\n\t\t\t\t<div class=\"elementor-element elementor-element-5476e1a2 animated-slow elementor-invisible elementor-widget elementor-widget-heading\" data-id=\"5476e1a2\" data-element_type=\"widget\" data-e-type=\"widget\" data-settings=\"{&quot;_animation&quot;:&quot;fadeIn&quot;,&quot;_animation_delay&quot;:150}\" data-widget_type=\"heading.default\">\n\t\t\t\t<div class=\"elementor-widget-container\">\n\t\t\t\t\t<h1 class=\"elementor-heading-title elementor-size-default\">pr\u0131vacy pol\u0131cy<\/h1>\t\t\t\t<\/div>\n\t\t\t\t<\/div>\n\t\t\t\t<div class=\"elementor-element elementor-element-3d44302 elementor-widget elementor-widget-spacer\" data-id=\"3d44302\" data-element_type=\"widget\" data-e-type=\"widget\" data-widget_type=\"spacer.default\">\n\t\t\t\t<div class=\"elementor-widget-container\">\n\t\t\t\t\t\t\t<div class=\"elementor-spacer\">\n\t\t\t<div class=\"elementor-spacer-inner\"><\/div>\n\t\t<\/div>\n\t\t\t\t\t\t<\/div>\n\t\t\t\t<\/div>\n\t\t\t\t\t<\/div>\n\t\t<\/div>\n\t\t\t\t<div class=\"elementor-column elementor-col-33 elementor-top-column elementor-element elementor-element-79b148e\" data-id=\"79b148e\" data-element_type=\"column\" data-e-type=\"column\">\n\t\t\t<div class=\"elementor-widget-wrap\">\n\t\t\t\t\t\t\t<\/div>\n\t\t<\/div>\n\t\t\t\t\t<\/div>\n\t\t<\/section>\n\t\t\t\t<section class=\"elementor-section elementor-top-section elementor-element elementor-element-0b2811a elementor-section-boxed elementor-section-height-default elementor-section-height-default\" data-id=\"0b2811a\" data-element_type=\"section\" data-e-type=\"section\">\n\t\t\t\t\t\t<div class=\"elementor-container elementor-column-gap-default\">\n\t\t\t\t\t<div class=\"elementor-column elementor-col-100 elementor-top-column elementor-element elementor-element-23d77c5\" data-id=\"23d77c5\" data-element_type=\"column\" data-e-type=\"column\">\n\t\t\t<div class=\"elementor-widget-wrap elementor-element-populated\">\n\t\t\t\t\t\t<div class=\"elementor-element elementor-element-3416b63 elementor-widget elementor-widget-spacer\" data-id=\"3416b63\" data-element_type=\"widget\" data-e-type=\"widget\" data-widget_type=\"spacer.default\">\n\t\t\t\t<div class=\"elementor-widget-container\">\n\t\t\t\t\t\t\t<div class=\"elementor-spacer\">\n\t\t\t<div class=\"elementor-spacer-inner\"><\/div>\n\t\t<\/div>\n\t\t\t\t\t\t<\/div>\n\t\t\t\t<\/div>\n\t\t\t\t\t<\/div>\n\t\t<\/div>\n\t\t\t\t\t<\/div>\n\t\t<\/section>\n\t\t\t\t<section class=\"elementor-section elementor-top-section elementor-element elementor-element-0a57282 elementor-section-boxed elementor-section-height-default elementor-section-height-default\" data-id=\"0a57282\" data-element_type=\"section\" data-e-type=\"section\">\n\t\t\t\t\t\t<div class=\"elementor-container elementor-column-gap-default\">\n\t\t\t\t\t<div class=\"elementor-column elementor-col-100 elementor-top-column elementor-element elementor-element-61ea7f4\" data-id=\"61ea7f4\" data-element_type=\"column\" data-e-type=\"column\">\n\t\t\t<div class=\"elementor-widget-wrap elementor-element-populated\">\n\t\t\t\t\t\t<div class=\"elementor-element elementor-element-dd1cab6 elementor-widget elementor-widget-text-editor\" data-id=\"dd1cab6\" data-element_type=\"widget\" data-e-type=\"widget\" data-widget_type=\"text-editor.default\">\n\t\t\t\t<div class=\"elementor-widget-container\">\n\t\t\t\t\t\t\t\t\t<p class=\"MsoNormal\"><span lang=\"EN-US\">PERSONAL INFORMATION WE COLLECT<\/span><\/p><p class=\"MsoNormal\"><span lang=\"EN-US\">\u00a0<\/span><span lang=\"EN-US\">When you visit the Site, we automatically collect certain information about your device, including information about your web browser, IP address, time zone, and some of the cookies that are installed on your device.<\/span><\/p><p class=\"MsoNormal\"><span lang=\"EN-US\">Additionally, as you browse the Site, we collect information about the individual web pages or products that you view, what websites or search terms referred you to the Site, and information about how you interact with the Site. We refer to this automatically-collected information as \u201cDevice Information.\u201d<\/span><\/p><p class=\"MsoNormal\"><span lang=\"EN-US\">We collect Device Information using the following technologies:<\/span><\/p><p class=\"MsoNormal\"><span lang=\"EN-US\">&#8220;Cookies&#8221; are data files that are placed on your device or computer and often include an anonymous unique identifier. For more information about cookies, and how to disable cookies, visit here.<\/span><\/p><p class=\"MsoNormal\"><span lang=\"EN-US\">&#8220;Log files&#8221; track actions occurring on the Site, and collect data including your IP address, browser type, Internet service provider, referring\/exit pages, and date\/time stamps.<\/span><\/p><p class=\"MsoNormal\"><span lang=\"EN-US\">&#8220;Web beacons&#8221;, &#8220;tags&#8221;, and &#8220;pixels&#8221; are electronic files used to record information about how you browse the Site.<\/span><\/p><p class=\"MsoNormal\"><span lang=\"EN-US\">&#8220;LocalStorage&#8221; is an in-browser storage area for data.<\/span><\/p><p class=\"MsoNormal\"><span lang=\"EN-US\">&#8220;Facebook Analytics&#8221; (only if user authorizes through Facebook oAuth). Visit for more information on Facebook Analytics,&#8221;Google Analytics&#8221;.<\/span><\/p><p class=\"MsoNormal\"><span lang=\"EN-US\">Additionally when you make a purchase or attempt to make a purchase through the Site, we collect certain information from you, including your name, billing address, shipping address, payment information (including credit card numbers), email address, and phone number. We refer to this information as \u201cOrder Information.\u201d<\/span><\/p><p class=\"MsoNormal\"><span lang=\"EN-US\">When we talk about \u201cPersonal Information\u201d in this Privacy Policy, we are talking both about Device Information and Order Information.<\/span><\/p><p class=\"MsoNormal\"><span lang=\"EN-US\">HOW DO WE USE YOUR PERSONAL INFORMATION?<\/span><\/p><p class=\"MsoNormal\"><span lang=\"EN-US\">We use the Order Information that we collect generally to fulfill any orders placed through the Site (including processing your payment information, arranging for shipping, and providing you with invoices and\/or order confirmations).<\/span><\/p><p class=\"MsoNormal\"><span lang=\"EN-US\">Additionally, we use this Order Information to: Communicate with you; Screen our orders for potential risk or fraud; and When in line with the preferences you have shared with us, provide you with information or advertising relating to our products or services.<\/span><\/p><p class=\"MsoNormal\"><span lang=\"EN-US\">We use the Device Information that we collect to help us screen for potential risk and fraud (in particular, your IP address), and more generally to improve and optimize our Site (for example, by generating analytics about how our customers browse and interact with the Site, and to assess the success of our marketing and advertising campaigns). Device Information fathered through Google Analytics may also be used for advertising and search engine optimization.<\/span><\/p><p class=\"MsoNormal\"><span lang=\"EN-US\">\u00a0<\/span><span lang=\"EN-US\">SHARING YOUR PERSONAL INFORMATION<\/span><\/p><p class=\"MsoNormal\"><span lang=\"EN-US\">We share your Personal Information with third parties to help us use your Personal Information, as described above. The third parties we share with are:<\/span><\/p><p class=\"MsoNormal\"><span lang=\"EN-US\">Google Analytics to help us understand how our customers use the Site&#8211;you can read more about how Google uses your Personal Information here. You can also opt-out of Google Analytics here.<\/span><\/p><p class=\"MsoNormal\"><span lang=\"EN-US\">If using your Google account to sign in we authorize your account using their services and the information you provide. The only information we ask for is your email, profile (first &amp; last names), and id. We store none of this information from Google beyond the registration details and the authorization page.<\/span><\/p><p class=\"MsoNormal\"><span lang=\"EN-US\">Facebook Analytics, only if authorized to do so through your use of Facebook oAuth, and to read more about how Facebook uses your Personal Information, visit here.<\/span><\/p><p class=\"MsoNormal\"><span lang=\"EN-US\">If using your Facebook account to sign in we authorize your account using their services and the information you provide. The only information we ask for is your email, location (current city in your Facebook profile), and default profile info (id, first\/middle\/last names, name, name format, profile picture url, short name). We store none of this information from Facebook beyond the registration details and the authorization page.<\/span><\/p><p class=\"MsoNormal\"><span lang=\"EN-US\">Finally, we may also share your Personal Information to comply with applicable laws and regulations, to respond to a subpoena, search warrant or other lawful request for information we receive, or to otherwise protect our rights.<\/span><\/p><p class=\"MsoNormal\"><span lang=\"EN-US\">BEHAVIOURAL ADVERTISING<\/span><\/p><p class=\"MsoNormal\"><span lang=\"EN-US\">As described above, we may now, or in the future, use your Personal Information to provide you with targeted advertisements or marketing communications we believe may be of interest to you. For more information about how targeted advertising works, you can visit the Network Advertising Initiative\u2019s (\u201cNAI\u201d) educational page here.<\/span><\/p><p class=\"MsoNormal\"><span lang=\"EN-US\">The potential targeted advertising platforms used are listed below, and you can opt out of targeted advertising by:<\/span><\/p><p class=\"MsoNormal\"><span lang=\"EN-US\">Facebook<\/span><\/p><p class=\"MsoNormal\"><span lang=\"EN-US\">Google<\/span><\/p><p class=\"MsoNormal\"><span lang=\"EN-US\">Bing<\/span><\/p><p class=\"MsoNormal\"><span lang=\"EN-US\">Additionally, you can opt out of some of these services by visiting the Digital Advertising Alliance\u2019s opt-out portal here.<\/span><\/p><p class=\"MsoNormal\"><span lang=\"EN-US\">DO NOT TRACK<\/span><\/p><p class=\"MsoNormal\"><span lang=\"EN-US\">Please note that we do not alter our Site\u2019s data collection and use practices when we see a Do Not Track signal from your browser.<\/span><\/p><p class=\"MsoNormal\"><span lang=\"EN-US\">\u00a0<\/span><span lang=\"EN-US\">YOUR RIGHTS<\/span><\/p><p class=\"MsoNormal\"><span lang=\"EN-US\">If you are a European resident, you have the right to access personal information we hold about you and to ask that your personal information be corrected, updated, or deleted. If you would like to exercise this right, please contact us through the contact information below.<\/span><\/p><p class=\"MsoNormal\"><span lang=\"EN-US\">Additionally, if you are a European resident we note that we are processing your information in order to fulfill contracts we might have with you (for example if you make an order through the Site), or otherwise to pursue our legitimate business interests listed above.<\/span><\/p><p class=\"MsoNormal\"><span lang=\"EN-US\">Additionally, please note that your information will be transferred outside of Europe, including to Canada and the United States, and other countries.<\/span><\/p><p class=\"MsoNormal\"><span lang=\"EN-US\">DATA RETENTION<\/span><\/p><p class=\"MsoNormal\"><span lang=\"EN-US\">When you place an order through the Site, we will maintain your Order Information for our records unless and until you ask us to delete this information.<\/span><\/p><p class=\"MsoNormal\"><span lang=\"EN-US\">MINORS<\/span><\/p><p class=\"MsoNormal\"><span lang=\"EN-US\">The Site does not currently have any age restrictions.<\/span><\/p><p class=\"MsoNormal\"><span lang=\"EN-US\">CHANGES<\/span><\/p><p class=\"MsoNormal\"><span lang=\"EN-US\">We may update this privacy policy from time to time in order to reflect, for example, changes to our practices or for other operational, legal or regulatory reasons.<\/span><\/p><p class=\"MsoNormal\"><span lang=\"EN-US\">CONTACT US<\/span><\/p><p class=\"MsoNormal\"><span lang=\"EN-US\">For more information about our privacy practices, if you have questions, or if you would like to make a complaint, please contact us by e-mail at info@tdatrade.com.tr<\/span><\/p>\t\t\t\t\t\t\t\t<\/div>\n\t\t\t\t<\/div>\n\t\t\t\t\t<\/div>\n\t\t<\/div>\n\t\t\t\t\t<\/div>\n\t\t<\/section>\n\t\t\t\t<section class=\"elementor-section elementor-top-section elementor-element elementor-element-c6d7959 elementor-section-content-middle elementor-section-boxed elementor-section-height-default elementor-section-height-default\" data-id=\"c6d7959\" data-element_type=\"section\" data-e-type=\"section\" data-settings=\"{&quot;background_background&quot;:&quot;classic&quot;}\">\n\t\t\t\t\t\t\t<div class=\"elementor-background-overlay\"><\/div>\n\t\t\t\t\t\t\t<div class=\"elementor-container elementor-column-gap-no\">\n\t\t\t\t\t<div class=\"elementor-column elementor-col-50 elementor-top-column elementor-element elementor-element-a330c0a\" data-id=\"a330c0a\" data-element_type=\"column\" data-e-type=\"column\">\n\t\t\t<div class=\"elementor-widget-wrap elementor-element-populated\">\n\t\t\t\t\t\t<div class=\"elementor-element elementor-element-2cb83a9 elementor-widget elementor-widget-heading\" data-id=\"2cb83a9\" data-element_type=\"widget\" data-e-type=\"widget\" data-widget_type=\"heading.default\">\n\t\t\t\t<div class=\"elementor-widget-container\">\n\t\t\t\t\t<h2 class=\"elementor-heading-title elementor-size-default\">TEKL\u0130F TALEB\u0130<\/h2>\t\t\t\t<\/div>\n\t\t\t\t<\/div>\n\t\t\t\t\t<\/div>\n\t\t<\/div>\n\t\t\t\t<div class=\"elementor-column elementor-col-50 elementor-top-column elementor-element elementor-element-a9893c7\" data-id=\"a9893c7\" data-element_type=\"column\" data-e-type=\"column\">\n\t\t\t<div class=\"elementor-widget-wrap elementor-element-populated\">\n\t\t\t\t\t\t<div class=\"elementor-element elementor-element-c0872fa elementor-align-left elementor-mobile-align-center elementor-widget elementor-widget-button\" data-id=\"c0872fa\" data-element_type=\"widget\" data-e-type=\"widget\" data-widget_type=\"button.default\">\n\t\t\t\t<div class=\"elementor-widget-container\">\n\t\t\t\t\t\t\t\t\t<div class=\"elementor-button-wrapper\">\n\t\t\t\t\t<a class=\"elementor-button elementor-button-link elementor-size-sm elementor-animation-grow\" href=\"http:\/\/tdatrade.com.tr\/tr\/contact\/\">\n\t\t\t\t\t\t<span class=\"elementor-button-content-wrapper\">\n\t\t\t\t\t\t\t\t\t<span class=\"elementor-button-text\">TEKL\u0130F AL<\/span>\n\t\t\t\t\t<\/span>\n\t\t\t\t\t<\/a>\n\t\t\t\t<\/div>\n\t\t\t\t\t\t\t\t<\/div>\n\t\t\t\t<\/div>\n\t\t\t\t\t<\/div>\n\t\t<\/div>\n\t\t\t\t\t<\/div>\n\t\t<\/section>\n\t\t\t\t<section class=\"elementor-section elementor-top-section elementor-element elementor-element-136c4db elementor-section-boxed elementor-section-height-default elementor-section-height-default\" data-id=\"136c4db\" data-element_type=\"section\" data-e-type=\"section\">\n\t\t\t\t\t\t<div class=\"elementor-container elementor-column-gap-default\">\n\t\t\t\t\t<div class=\"elementor-column elementor-col-100 elementor-top-column elementor-element elementor-element-79e0a57\" data-id=\"79e0a57\" data-element_type=\"column\" data-e-type=\"column\">\n\t\t\t<div class=\"elementor-widget-wrap elementor-element-populated\">\n\t\t\t\t\t\t<div class=\"elementor-element elementor-element-3c403ca elementor-widget elementor-widget-spacer\" data-id=\"3c403ca\" data-element_type=\"widget\" data-e-type=\"widget\" data-widget_type=\"spacer.default\">\n\t\t\t\t<div class=\"elementor-widget-container\">\n\t\t\t\t\t\t\t<div class=\"elementor-spacer\">\n\t\t\t<div class=\"elementor-spacer-inner\"><\/div>\n\t\t<\/div>\n\t\t\t\t\t\t<\/div>\n\t\t\t\t<\/div>\n\t\t\t\t\t<\/div>\n\t\t<\/div>\n\t\t\t\t\t<\/div>\n\t\t<\/section>\n\t\t\t\t<\/div>","protected":false},"excerpt":{"rendered":"<p>Explore The Colourful World A Wonderful Gift Learn More &#8220;Fuerat aestu carentem habentia spectent tonitrua mutastis locavit liberioris.&#8221; &#8211; Adam Sendler Upcoming Events Everest Camp Trek Fuerat aestu carentem habentia spectent tonitrua mutastis locavit liberioris inistra possedit. Learn More Walking Holidays Fuerat aestu carentem habentia spectent tonitrua mutastis locavit liberioris inistra possedit. Learn More Explore &hellip;<\/p>\n<p class=\"read-more\"> <a class=\"\" href=\"https:\/\/websitedemos.net\/outdoor-adventure-02\/\"> <span class=\"screen-reader-text\">Ana Sayfa<\/span> Read More &raquo;<\/a><\/p>","protected":false},"author":1,"featured_media":0,"parent":0,"menu_order":0,"comment_status":"closed","ping_status":"closed","template":"","meta":{"_joinchat":[],"footnotes":""},"class_list":["post-2263","page","type-page","status-publish","hentry"],"yoast_head":"<!-- This site is optimized with the Yoast SEO plugin v27.4 - https:\/\/yoast.com\/product\/yoast-seo-wordpress\/ -->\n<title>Privacy Policy - TDA TRADE<\/title>\n<meta name=\"robots\" content=\"index, follow, max-snippet:-1, max-image-preview:large, max-video-preview:-1\" \/>\n<link rel=\"canonical\" href=\"https:\/\/tdatrade.com.tr\/tr\/privacy-policy\/\" \/>\n<meta property=\"og:locale\" content=\"tr_TR\" \/>\n<meta property=\"og:type\" content=\"article\" \/>\n<meta property=\"og:title\" content=\"Privacy Policy - TDA TRADE\" \/>\n<meta property=\"og:description\" content=\"Explore The Colourful World A Wonderful Gift Learn More &#8220;Fuerat aestu carentem habentia spectent tonitrua mutastis locavit liberioris.&#8221; &#8211; Adam Sendler Upcoming Events Everest Camp Trek Fuerat aestu carentem habentia spectent tonitrua mutastis locavit liberioris inistra possedit. Learn More Walking Holidays Fuerat aestu carentem habentia spectent tonitrua mutastis locavit liberioris inistra possedit. Learn More Explore &hellip;  Home Read More &raquo;\" \/>\n<meta property=\"og:url\" content=\"https:\/\/tdatrade.com.tr\/tr\/privacy-policy\/\" \/>\n<meta property=\"og:site_name\" content=\"TDA TRADE\" \/>\n<meta property=\"article:modified_time\" content=\"2020-09-29T12:15:55+00:00\" \/>\n<meta name=\"twitter:card\" content=\"summary_large_image\" \/>\n<meta name=\"twitter:label1\" content=\"Tahmini okuma s\u00fcresi\" \/>\n\t<meta name=\"twitter:data1\" content=\"5 dakika\" \/>\n<script type=\"application\/ld+json\" class=\"yoast-schema-graph\">{\"@context\":\"https:\\\/\\\/schema.org\",\"@graph\":[{\"@type\":\"WebPage\",\"@id\":\"https:\\\/\\\/tdatrade.com.tr\\\/privacy-policy\\\/\",\"url\":\"https:\\\/\\\/tdatrade.com.tr\\\/privacy-policy\\\/\",\"name\":\"Privacy Policy - TDA TRADE\",\"isPartOf\":{\"@id\":\"https:\\\/\\\/tdatrade.com.tr\\\/#website\"},\"datePublished\":\"2020-09-25T12:07:18+00:00\",\"dateModified\":\"2020-09-29T12:15:55+00:00\",\"breadcrumb\":{\"@id\":\"https:\\\/\\\/tdatrade.com.tr\\\/privacy-policy\\\/#breadcrumb\"},\"inLanguage\":\"tr\",\"potentialAction\":[{\"@type\":\"ReadAction\",\"target\":[\"https:\\\/\\\/tdatrade.com.tr\\\/privacy-policy\\\/\"]}]},{\"@type\":\"BreadcrumbList\",\"@id\":\"https:\\\/\\\/tdatrade.com.tr\\\/privacy-policy\\\/#breadcrumb\",\"itemListElement\":[{\"@type\":\"ListItem\",\"position\":1,\"name\":\"Ana sayfa\",\"item\":\"https:\\\/\\\/tdatrade.com.tr\\\/\"},{\"@type\":\"ListItem\",\"position\":2,\"name\":\"Privacy Policy\"}]},{\"@type\":\"WebSite\",\"@id\":\"https:\\\/\\\/tdatrade.com.tr\\\/#website\",\"url\":\"https:\\\/\\\/tdatrade.com.tr\\\/\",\"name\":\"TDA TRADE\",\"description\":\"TDA TRADE MAK\u0130NE SANAY\u0130 VE \u0130THALAT \u0130HRACAT L\u0130M\u0130TED \u015e\u0130RKET\u0130\",\"publisher\":{\"@id\":\"https:\\\/\\\/tdatrade.com.tr\\\/#organization\"},\"potentialAction\":[{\"@type\":\"SearchAction\",\"target\":{\"@type\":\"EntryPoint\",\"urlTemplate\":\"https:\\\/\\\/tdatrade.com.tr\\\/?s={search_term_string}\"},\"query-input\":{\"@type\":\"PropertyValueSpecification\",\"valueRequired\":true,\"valueName\":\"search_term_string\"}}],\"inLanguage\":\"tr\"},{\"@type\":\"Organization\",\"@id\":\"https:\\\/\\\/tdatrade.com.tr\\\/#organization\",\"name\":\"TDA TRADE\",\"url\":\"https:\\\/\\\/tdatrade.com.tr\\\/\",\"logo\":{\"@type\":\"ImageObject\",\"inLanguage\":\"tr\",\"@id\":\"https:\\\/\\\/tdatrade.com.tr\\\/#\\\/schema\\\/logo\\\/image\\\/\",\"url\":\"https:\\\/\\\/tdatrade.com.tr\\\/wp-content\\\/uploads\\\/2020\\\/09\\\/2.png\",\"contentUrl\":\"https:\\\/\\\/tdatrade.com.tr\\\/wp-content\\\/uploads\\\/2020\\\/09\\\/2.png\",\"width\":547,\"height\":169,\"caption\":\"TDA TRADE\"},\"image\":{\"@id\":\"https:\\\/\\\/tdatrade.com.tr\\\/#\\\/schema\\\/logo\\\/image\\\/\"}}]}<\/script>\n<!-- \/ Yoast SEO plugin. -->","yoast_head_json":{"title":"Privacy Policy - TDA TRADE","robots":{"index":"index","follow":"follow","max-snippet":"max-snippet:-1","max-image-preview":"max-image-preview:large","max-video-preview":"max-video-preview:-1"},"canonical":"https:\/\/tdatrade.com.tr\/tr\/privacy-policy\/","og_locale":"tr_TR","og_type":"article","og_title":"Privacy Policy - TDA TRADE","og_description":"Explore The Colourful World A Wonderful Gift Learn More &#8220;Fuerat aestu carentem habentia spectent tonitrua mutastis locavit liberioris.&#8221; &#8211; Adam Sendler Upcoming Events Everest Camp Trek Fuerat aestu carentem habentia spectent tonitrua mutastis locavit liberioris inistra possedit. Learn More Walking Holidays Fuerat aestu carentem habentia spectent tonitrua mutastis locavit liberioris inistra possedit. Learn More Explore &hellip;  Home Read More &raquo;","og_url":"https:\/\/tdatrade.com.tr\/tr\/privacy-policy\/","og_site_name":"TDA TRADE","article_modified_time":"2020-09-29T12:15:55+00:00","twitter_card":"summary_large_image","twitter_misc":{"Tahmini okuma s\u00fcresi":"5 dakika"},"schema":{"@context":"https:\/\/schema.org","@graph":[{"@type":"WebPage","@id":"https:\/\/tdatrade.com.tr\/privacy-policy\/","url":"https:\/\/tdatrade.com.tr\/privacy-policy\/","name":"Privacy Policy - TDA TRADE","isPartOf":{"@id":"https:\/\/tdatrade.com.tr\/#website"},"datePublished":"2020-09-25T12:07:18+00:00","dateModified":"2020-09-29T12:15:55+00:00","breadcrumb":{"@id":"https:\/\/tdatrade.com.tr\/privacy-policy\/#breadcrumb"},"inLanguage":"tr","potentialAction":[{"@type":"ReadAction","target":["https:\/\/tdatrade.com.tr\/privacy-policy\/"]}]},{"@type":"BreadcrumbList","@id":"https:\/\/tdatrade.com.tr\/privacy-policy\/#breadcrumb","itemListElement":[{"@type":"ListItem","position":1,"name":"Ana sayfa","item":"https:\/\/tdatrade.com.tr\/"},{"@type":"ListItem","position":2,"name":"Privacy Policy"}]},{"@type":"WebSite","@id":"https:\/\/tdatrade.com.tr\/#website","url":"https:\/\/tdatrade.com.tr\/","name":"TDA TRADE","description":"TDA TRADE MAK\u0130NE SANAY\u0130 VE \u0130THALAT \u0130HRACAT L\u0130M\u0130TED \u015e\u0130RKET\u0130","publisher":{"@id":"https:\/\/tdatrade.com.tr\/#organization"},"potentialAction":[{"@type":"SearchAction","target":{"@type":"EntryPoint","urlTemplate":"https:\/\/tdatrade.com.tr\/?s={search_term_string}"},"query-input":{"@type":"PropertyValueSpecification","valueRequired":true,"valueName":"search_term_string"}}],"inLanguage":"tr"},{"@type":"Organization","@id":"https:\/\/tdatrade.com.tr\/#organization","name":"TDA TRADE","url":"https:\/\/tdatrade.com.tr\/","logo":{"@type":"ImageObject","inLanguage":"tr","@id":"https:\/\/tdatrade.com.tr\/#\/schema\/logo\/image\/","url":"https:\/\/tdatrade.com.tr\/wp-content\/uploads\/2020\/09\/2.png","contentUrl":"https:\/\/tdatrade.com.tr\/wp-content\/uploads\/2020\/09\/2.png","width":547,"height":169,"caption":"TDA TRADE"},"image":{"@id":"https:\/\/tdatrade.com.tr\/#\/schema\/logo\/image\/"}}]}},"_links":{"self":[{"href":"https:\/\/tdatrade.com.tr\/tr\/wp-json\/wp\/v2\/pages\/2263","targetHints":{"allow":["GET"]}}],"collection":[{"href":"https:\/\/tdatrade.com.tr\/tr\/wp-json\/wp\/v2\/pages"}],"about":[{"href":"https:\/\/tdatrade.com.tr\/tr\/wp-json\/wp\/v2\/types\/page"}],"author":[{"embeddable":true,"href":"https:\/\/tdatrade.com.tr\/tr\/wp-json\/wp\/v2\/users\/1"}],"replies":[{"embeddable":true,"href":"https:\/\/tdatrade.com.tr\/tr\/wp-json\/wp\/v2\/comments?post=2263"}],"version-history":[{"count":4,"href":"https:\/\/tdatrade.com.tr\/tr\/wp-json\/wp\/v2\/pages\/2263\/revisions"}],"predecessor-version":[{"id":2324,"href":"https:\/\/tdatrade.com.tr\/tr\/wp-json\/wp\/v2\/pages\/2263\/revisions\/2324"}],"wp:attachment":[{"href":"https:\/\/tdatrade.com.tr\/tr\/wp-json\/wp\/v2\/media?parent=2263"}],"curies":[{"name":"wp","href":"https:\/\/api.w.org\/{rel}","templated":true}]}}